{"id":1435,"date":"2018-06-25T22:17:44","date_gmt":"2018-06-25T22:17:44","guid":{"rendered":"http:\/\/palenciacasarural.com\/casa-rural-el-encinar\/?page_id=1435"},"modified":"2018-06-29T17:55:25","modified_gmt":"2018-06-29T17:55:25","slug":"reglamento","status":"publish","type":"page","link":"http:\/\/palenciacasarural.com\/casa-rural-el-encinar\/reglamento\/","title":{"rendered":"Reglamento"},"content":{"rendered":"<p>[vc_row][vc_column width=\u00bb2\/3&#8243;][vc_column_text]Reglamento Interno de funcionamiento, regulado por la Junta de castilla y Le\u00f3n seg\u00fan Decreto 75\/2013 de 28 de noviembre.<\/p>\n<p>&nbsp;<\/p>\n<p><strong>El cliente, al hacer la reserva del alojamiento, acepta las presentes normas de funcionamiento que deber\u00e1 cumplir durante su estancia en el mismo.<\/strong><\/p>\n<p>1.- El cliente ser\u00e1 consciente de que se aloja en una casa rural, para hacer Turismo rural, para disfrute y descanso.<\/p>\n<p>2.- En ning\u00fan caso, la casa puede ser usada para realizar actividades que puedan resultar agresivas contra las instalaciones o el mobiliario del hogar. No est\u00e1 permitido el alojamiento o concentraci\u00f3n de personas m\u00e1s all\u00e1 de las plazas publicadas y autorizadas por la Consejer\u00eda de Cultura y Turismo.<\/p>\n<p>Es competencia del alojamiento proporcionar a los clientes:<\/p>\n<p>&#8211; El buen estado de uso de tantos muebles y estancias que ofrece el alojamiento.<\/p>\n<p><span style=\"color: #800000;\"><strong>&#8211; El cambio de ropa de cama y toallas, cada seis noches de estancia.<\/strong><\/span><\/p>\n<p>&#8211; El suficiente menaje para las plazas autorizadas.<\/p>\n<p>&#8211; Las instrucciones de los electrodom\u00e9sticos para la adecuada comprensi\u00f3n de su funcionamiento.<\/p>\n<p>&#8211; La hora de entrada y salida ser\u00e1 a las 15:00 h, pudi\u00e9ndose pactar entre las partes horarios distintos.<\/p>\n<p>&#8211; La estancia m\u00ednima en el alojamiento es de dos noches.<\/p>\n<p>-Existen hojas de reclamaciones a disposici\u00f3n del cliente, siendo esta la v\u00eda para solucionar cualquier desavenencia de los clientes con el propietario.<\/p>\n<p>&nbsp;<\/p>\n<p><strong>Es competencia de los clientes alojados, respetar las siguientes reglas:<\/strong><\/p>\n<p>&#8211; Es de obligado cumplimiento facilitar el DNI de cada alojado mayor de 16 a\u00f1os al propietario, para cumplimentar los Partes de Entrada de Viajeros, que cada alojamiento debe enviar a la dependencias de la Guardia Civil.<\/p>\n<p>&#8211; El mobiliario se ha de tratar con cuidado, al tratarse de antig\u00fcedades es especialmente delicado y dif\u00edcil de reparar.<\/p>\n<p>&#8211; Lean las instrucciones de los electrodom\u00e9sticos, sin tienen alguna duda.<\/p>\n<p>&#8211; No manipulen el termostato de la calefacci\u00f3n, est\u00e1 programado y su desprogramaci\u00f3n acarrear\u00e1 problemas en el servicio.<\/p>\n<p>&#8211; El cliente deber\u00e1 declarar cuantos desperfectos se hayan producido durante su estancia, para que puedan ser reparados, salvo pacto en contrario cuando se acepte la justificaci\u00f3n l\u00f3gica por la que se han roto, la reparaci\u00f3n correr\u00e1 por cuenta del cliente. El seguro de la vivienda no cubre los desperfectos por actos vand\u00e1licos, maltrato o mal uso de los muebles y enseres.<\/p>\n<p>La propiedad podr\u00e1 exigir una fianza a la entrega de llaves que devolver\u00e1 integra, una vez comprobada la no existencia de desperfectos en la vivienda ni en el jard\u00edn.<\/p>\n<p>&#8211; La chimenea debe permanecer cerrada una vez encendida. Para evitar humos y riesgos de incendio. No se puede cocinar en ella. Para su uso, el propietario puede proporcionar le\u00f1a de cortes\u00eda sin que este acto sea una obligaci\u00f3n para el Propietario.<\/p>\n<p>&#8211; La calefacci\u00f3n est\u00e1 programada para proporcionar en el alojamiento una temperatura confortable como contempla el Decreto arriba mencionado. No es responsabilidad del propietario la p\u00e9rdida de temperatura por ventilaci\u00f3n o descuido de puertas y ventanas abiertas por el cliente. El horario de calefacci\u00f3n ser\u00e1 equivalente al horario de ocupaci\u00f3n del alojamiento. A petici\u00f3n del cliente podr\u00e1 ampliarse este horario a cambio del abono del precio del combustible extra.<\/p>\n<p>&#8211; El cliente podr\u00e1 solicitar otros servicios al alojamiento: informaci\u00f3n sobre restaurantes, taxis, actividades o sobre los recursos tur\u00edsticos de la comarca y cuantos favores est\u00e9 en su mano proporcionarle, informaci\u00f3n de la zona, caminos y senderos, museos, artesan\u00eda. Porque nuestro objetivo es la felicidad del buen cliente.<\/p>\n<p>&#8211; Mascotas. Este alojamiento admite 1 mascota por cada grupo alojado, cuando el due\u00f1o as\u00ed lo comunique al alojamiento. En ning\u00fan caso se podr\u00e1n tener en las habitaciones, ni subir a las camas, ni a los sof\u00e1s, ni tumbarse en las alfombras de la casa. El due\u00f1o del animal proporcionar\u00e1 los medios para que as\u00ed sea.<\/p>\n<p>&#8211; Las pernoctaciones de m\u00e1s personas de las declaradas, incluidos ni\u00f1os, se considerar\u00e1 una infracci\u00f3n de las reglas de contrataci\u00f3n del alojamiento, no cubierta por la p\u00f3liza de seguros y llevar\u00e1 un recargo sobre la tarifa acordada entre las partes, de 30\u20ac por persona y noche que se cobrar\u00e1 a la salida del alojamiento.<\/p>\n<p>&nbsp;<\/p>\n<p><strong>Reservas:<\/strong><\/p>\n<p>* Las reservas se confirmar\u00e1n o denegar\u00e1n por cualquier v\u00eda en la que quede cosntancia: correo@, whassap\u2026<\/p>\n<p>* La reserva se entender\u00e1 cerrada una vez que el alojamiento haya recibido el 25% del importe total de la reserva.<\/p>\n<p>&nbsp;<\/p>\n<p><strong>Cancelaci\u00f3n de las reservas:<\/strong><\/p>\n<p><span style=\"color: #800000;\">*<\/span> <span style=\"color: #993300;\"><strong>EL ALOJAMIENTO NO EST\u00c1 OBLIGADO A DEVOLVER LA RESERVA<\/strong><\/span>, \u00fanicamente lo har\u00e1 cuando dicha cancelaci\u00f3n se produzca por causa de fuerza mayor, debidamente justificada (aportando documentaci\u00f3n de organismos oficiales) y siete d\u00edas antes a la fecha de llegada.[\/vc_column_text][\/vc_column][vc_column width=\u00bb1\/3&#8243;][vc_column_text]<\/p>\n<h1>Escr\u00edbenos para reservar:<\/h1>\n<p>[\/vc_column_text]\n\n    <!--start form-->\n    <div id=\"nd_options_shortcode_cf7_15\" class=\"nd_options_section \">\n      \n      <div class=\"nd_options_section nd_options_box_sizing_border_box\">\n        [contact-form-7 id=\"15\"] \n      <\/div>  \n\n    <\/div>\n    <!--end form-->\n\n   [\/vc_column][\/vc_row]<\/p>\n","protected":false},"excerpt":{"rendered":"<p>[vc_row][vc_column width=\u00bb2\/3&#8243;][vc_column_text]Reglamento Interno de funcionamiento, regulado por la Junta de castilla y Le\u00f3n seg\u00fan Decreto 75\/2013 de 28 de noviembre. &nbsp; El cliente, al hacer la reserva del alojamiento, acepta las presentes normas de funcionamiento que deber\u00e1 cumplir durante su estancia en el mismo. 1.- El cliente ser\u00e1 consciente de que se aloja en una [&hellip;]<\/p>\n","protected":false},"author":1,"featured_media":0,"parent":0,"menu_order":0,"comment_status":"closed","ping_status":"closed","template":"","meta":{"footnotes":""},"class_list":["post-1435","page","type-page","status-publish","hentry"],"_links":{"self":[{"href":"http:\/\/palenciacasarural.com\/casa-rural-el-encinar\/wp-json\/wp\/v2\/pages\/1435","targetHints":{"allow":["GET"]}}],"collection":[{"href":"http:\/\/palenciacasarural.com\/casa-rural-el-encinar\/wp-json\/wp\/v2\/pages"}],"about":[{"href":"http:\/\/palenciacasarural.com\/casa-rural-el-encinar\/wp-json\/wp\/v2\/types\/page"}],"author":[{"embeddable":true,"href":"http:\/\/palenciacasarural.com\/casa-rural-el-encinar\/wp-json\/wp\/v2\/users\/1"}],"replies":[{"embeddable":true,"href":"http:\/\/palenciacasarural.com\/casa-rural-el-encinar\/wp-json\/wp\/v2\/comments?post=1435"}],"version-history":[{"count":4,"href":"http:\/\/palenciacasarural.com\/casa-rural-el-encinar\/wp-json\/wp\/v2\/pages\/1435\/revisions"}],"predecessor-version":[{"id":1476,"href":"http:\/\/palenciacasarural.com\/casa-rural-el-encinar\/wp-json\/wp\/v2\/pages\/1435\/revisions\/1476"}],"wp:attachment":[{"href":"http:\/\/palenciacasarural.com\/casa-rural-el-encinar\/wp-json\/wp\/v2\/media?parent=1435"}],"curies":[{"name":"wp","href":"https:\/\/api.w.org\/{rel}","templated":true}]}}