{"id":464,"date":"2017-07-19T09:33:28","date_gmt":"2017-07-19T09:33:28","guid":{"rendered":"http:\/\/www.nicdarkthemes.com\/themes\/hotel\/wp\/demo\/?page_id=464"},"modified":"2025-06-09T17:08:20","modified_gmt":"2025-06-09T17:08:20","slug":"gallery","status":"publish","type":"page","link":"http:\/\/palenciacasarural.com\/casa-rural-el-encinar\/gallery\/","title":{"rendered":"Servicios y tarifas"},"content":{"rendered":"<p>[vc_row][vc_column width=\u00bb1\/2&#8243; css=\u00bb.vc_custom_1503582426773{margin-top: -10px !important;}\u00bb][vc_column_text]<\/p>\n<h1><span style=\"color: #333300;\"><span class=\"il\">Casa<\/span>\u00a0\u00ab<strong>El Encinar\u00bb<\/strong> es el lugar ideal para pasar unos d\u00edas con los amigos o familia. En ella encontrar\u00e1n junto con la comodidad de sus instalaciones, la tranquilidad y reposo que tanto necesitan.<\/span><\/h1>\n<p>[\/vc_column_text][vc_column_text css=\u00bb.vc_custom_1749488894887{padding-top: 70px !important;padding-right: 20px !important;padding-bottom: 70px !important;padding-left: 20px !important;background-color: #478c78 !important;}\u00bb]<\/p>\n<h1 style=\"text-align: center;\"><span style=\"color: #ffffff;\"><b>TARIFAS<\/b><\/span><\/h1>\n<p>&nbsp;<\/p>\n<h5 style=\"text-align: center;\"><span style=\"color: #e6ba7a;\">IVA incluido<\/span><\/h5>\n<p style=\"text-align: center;\"><span style=\"color: #ffffff;\">&#8212;<\/span><\/p>\n<h1 style=\"text-align: center;\"><span style=\"color: #ffffff;\">Desde 200 \u20ac\/d\u00eda<\/span><\/h1>\n<p style=\"text-align: center;\"><span style=\"color: #ffffff;\">&#8212;<\/span><\/p>\n<h5 style=\"text-align: center;\"><span style=\"color: #e6ba7a;\">\u00a0Tarifas sujetas a variaci\u00f3n seg\u00fan temporada. Para conocer el precio exacto en sus fechas de inter\u00e9s, por favor cons\u00faltenos. Estancia m\u00ednima de dos noches<\/span><\/h5>\n<div style=\"text-align: center;\"><\/div>\n<p>[\/vc_column_text]<div style=\"background-color:;height: 1pxpx\" class=\"nicdark_section  \"><\/div>[vc_column_text]<\/p>\n<h3><span style=\"color: #333300;\"><b>La\u00a0casa<\/b><\/span><\/h3>\n<ul>\n<li>La\u00a0<span class=\"il\">casa<\/span>\u00a0es de alquiler completo con una capacidad para nueve plazas.<br \/>\nDispone de 5 dormitorios, 3 ba\u00f1os, sal\u00f3n con chimenea, comedor, cocina. Calefacci\u00f3n. Patio con barbacoa.<\/li>\n<li>Dos habitaciones con cama de matrimonio, dos con dos camas y una individual.<\/li>\n<li>Porche, patio cerrado y parque al otro lado de la calle.<\/li>\n<\/ul>\n<p>[\/vc_column_text]<div style=\"background-color:;height: 1px\" class=\"nicdark_section  \"><\/div>[vc_column_text]<\/p>\n<h3><span style=\"color: #333300;\"><b>Servicios:<\/b><\/span><\/h3>\n<ul>\n<li>Lavadora, Microondas, Lavavajillas, Televisi\u00f3n, Acceso internet, Cuna disponible, Colecci\u00f3n de juegos. Documentaci\u00f3n sobre la zona.<\/li>\n<li>Idiomas: Ingl\u00e9s, Espa\u00f1ol.<\/li>\n<\/ul>\n<p>[\/vc_column_text]<div style=\"background-color:;height: 1px\" class=\"nicdark_section  \"><\/div>[vc_column_text]<\/p>\n<h3><span style=\"color: #333300;\"><b>Planta baja<\/b><\/span><\/h3>\n<ul>\n<li>Comedor. Cocina. Ba\u00f1o compartido. Chimenea. Sala de estar.<\/li>\n<\/ul>\n<p>[\/vc_column_text]<div style=\"background-color:;height: 1px\" class=\"nicdark_section  \"><\/div>[vc_column_text]<\/p>\n<h3><b><span style=\"color: #333300;\">Las habitaciones<\/span><\/b><\/h3>\n<ul>\n<li>Dispone de 5 habitaciones, distribuidas de la siguiente forma:<\/li>\n<li><b>Primera planta:<\/b>\u00a0una habitaci\u00f3n de matrimonio, una doble, una individual y un ba\u00f1o completo.<\/li>\n<li><b>Buhardilla:\u00a0<\/b>una habitaci\u00f3n de matrimonio, una doble y otro ba\u00f1o completo.<\/li>\n<\/ul>\n<p>[\/vc_column_text]<div style=\"background-color:;height: 1px\" class=\"nicdark_section  \"><\/div>[vc_column_text]<\/p>\n<h3><span style=\"color: #333300;\"><strong>Exterior<\/strong><\/span><\/h3>\n<ul>\n<li>Jard\u00edn. Barbacoa. Terraza. Muebles de jard\u00edn. Zona de aparcamiento<\/li>\n<\/ul>\n<p>[\/vc_column_text]<div style=\"background-color:;height: 1px\" class=\"nicdark_section  \"><\/div>[vc_column_text]<\/p>\n<h3><span style=\"color: #333300;\">C\u00f3mo llegar a la\u00a0 casa<\/span><\/h3>\n<ul>\n<li><b><\/b>Calle Santa Marina, 1 &#8211; 34869 Tarilonte de la Pe\u00f1a (Palencia, Castilla y Le\u00f3n)<br \/>\n<strong>Desde Palencia:<\/strong> carretera direcci\u00f3n Guardo-Cervera de Pisuerga, a 17 kms. de Guardo.<\/li>\n<li><strong>Desde Burgos:<\/strong> carretera direcci\u00f3n Aguilar de Campoo-Cervera de Pisuerga-Guardo, a 19 kms. de Cervera<\/li>\n<li><strong>GEO:<\/strong> Lat: 42.823052; Long:-4.667086<\/li>\n<li>Tel\u00e9fono de contacto:\u00a0666 846 866<\/li>\n<\/ul>\n<p>[\/vc_column_text][\/vc_column][vc_column width=\u00bb1\/2&#8243;][vc_single_image image=\u00bb1515&#8243; img_size=\u00bbfull\u00bb onclick=\u00bbcustom_link\u00bb link=\u00bbhttps:\/\/patrimonionatural.org\/espacios-naturales\/parque-natural\/parque-natural-montana-palentina\u00bb][vc_column_text css=\u00bb.vc_custom_1728643976847{padding-top: 70px !important;padding-right: 20px !important;padding-bottom: 70px !important;padding-left: 20px !important;background-color: #588cd3 !important;}\u00bb]<\/p>\n<h3 style=\"text-align: center;\"><span style=\"color: #ffffff;\">Estamos en un espacio natural protegido<\/span><\/h3>\n<p>&nbsp;<\/p>\n<h5 style=\"text-align: center;\"><span style=\"color: #ffffff;\">TARILONTE DE LA PE\u00d1A<\/span><\/h5>\n<p><\/br><\/p>\n<p style=\"text-align: center;\"><span style=\"color: #ffffff;\">Casa Rural El Encinar trabaja junto al Parque Natural<\/span><br \/>\n<span style=\"color: #ffffff;\">Monta\u00f1a Palentina para que disfrutes de la<\/span><br \/>\n<span style=\"color: #ffffff;\">naturaleza y se siga conservando intacta para las<\/span><br \/>\n<span style=\"color: #ffffff;\">generaciones futuras.<\/span><br \/>\n<span style=\"color: #ffffff;\">INFORMACI\u00d3N PR\u00c1CTICA<\/span><br \/>\n<span style=\"color: #ffffff;\">Escanea QR para:<\/span><br \/>\n<span style=\"color: #ffffff;\">&#8211; Recorrer senderos desde el alojamiento.<\/span><br \/>\n<span style=\"color: #ffffff;\">&#8211; Llegar a la Casa del Parque.<\/span><br \/>\n<span style=\"color: #ffffff;\">&#8211; Conocer los productos locales.<\/span><br \/>\n<span style=\"color: #ffffff;\">&#8211; Descubrir nuevos destinos naturales.<\/span><br \/>\n<span style=\"color: #ffffff;\">&#8211; Valorar el alojamiento con tu opini\u00f3n.<\/span>[\/vc_column_text][vc_column_text]<\/p>\n<h3><span style=\"color: #333300;\"><b>El entorno<\/b><\/span><\/h3>\n<ul>\n<li>Situada en la Monta\u00f1a Palentina. En el casco urbano con acceso asfaltado. Patio cerrado y asfaltado ideal para ni\u00f1os con bicicleta, monopat\u00edn, etc. Porche cerrado para que los m\u00e1s peque\u00f1os est\u00e9n seguros. Parque infantil al otro lado de la calle.<\/li>\n<\/ul>\n<p>[\/vc_column_text]<div style=\"background-color:;height: 1px\" class=\"nicdark_section  \"><\/div>[vc_column_text]<\/p>\n<h3><span style=\"color: #333300;\"><b>Actividades<\/b><\/span><\/h3>\n<ul>\n<li>Tierra: Recogida de setas, Bicicleta de monta\u00f1a &#8211; BTT, Espeleolog\u00eda, Monta\u00f1ismo, Senderismo &#8211; trekking.<\/li>\n<li>Agua: Pirag\u00fcismo, Pesca.<\/li>\n<li>Talleres: Fotograf\u00eda, Observaci\u00f3n de fauna y flora.<\/li>\n<li>Alta monta\u00f1a<\/li>\n<li>Mountain bike<\/li>\n<li>Deportes acu\u00e1ticos<\/li>\n<li>Berrea (mediados de septiembre y octubre)<\/li>\n<li>Senderismo&#8230;<\/li>\n<\/ul>\n<p>Reservando con antelaci\u00f3n se puede entrar en una de las cuevas m\u00e1s espectaculares de la monta\u00f1a palentina.[\/vc_column_text]<div style=\"background-color:;height: 1px\" class=\"nicdark_section  \"><\/div>[vc_column_text]<\/p>\n<h3><span style=\"color: #333300;\"><b>Sitios de inter\u00e9s<\/b><\/span><\/h3>\n<ul>\n<li>Rom\u00e1nico y monta\u00f1a palentinos.<\/li>\n<li>Ruta de los pantanos<\/li>\n<li>Valle de Tosande &#8230;<\/li>\n<\/ul>\n<p>[\/vc_column_text][\/vc_column][\/vc_row]<\/p>\n","protected":false},"excerpt":{"rendered":"<p>[vc_row][vc_column width=\u00bb1\/2&#8243; css=\u00bb.vc_custom_1503582426773{margin-top: -10px !important;}\u00bb][vc_column_text] Casa\u00a0\u00abEl Encinar\u00bb es el lugar ideal para pasar unos d\u00edas con los amigos o familia. En ella encontrar\u00e1n junto con la comodidad de sus instalaciones, la tranquilidad y reposo que tanto necesitan. [\/vc_column_text][vc_column_text css=\u00bb.vc_custom_1749488894887{padding-top: 70px !important;padding-right: 20px !important;padding-bottom: 70px !important;padding-left: 20px !important;background-color: #478c78 !important;}\u00bb] TARIFAS &nbsp; IVA incluido &#8212; Desde [&hellip;]<\/p>\n","protected":false},"author":3,"featured_media":0,"parent":0,"menu_order":2,"comment_status":"closed","ping_status":"closed","template":"","meta":{"footnotes":""},"class_list":["post-464","page","type-page","status-publish","hentry"],"_links":{"self":[{"href":"http:\/\/palenciacasarural.com\/casa-rural-el-encinar\/wp-json\/wp\/v2\/pages\/464","targetHints":{"allow":["GET"]}}],"collection":[{"href":"http:\/\/palenciacasarural.com\/casa-rural-el-encinar\/wp-json\/wp\/v2\/pages"}],"about":[{"href":"http:\/\/palenciacasarural.com\/casa-rural-el-encinar\/wp-json\/wp\/v2\/types\/page"}],"author":[{"embeddable":true,"href":"http:\/\/palenciacasarural.com\/casa-rural-el-encinar\/wp-json\/wp\/v2\/users\/3"}],"replies":[{"embeddable":true,"href":"http:\/\/palenciacasarural.com\/casa-rural-el-encinar\/wp-json\/wp\/v2\/comments?post=464"}],"version-history":[{"count":34,"href":"http:\/\/palenciacasarural.com\/casa-rural-el-encinar\/wp-json\/wp\/v2\/pages\/464\/revisions"}],"predecessor-version":[{"id":1533,"href":"http:\/\/palenciacasarural.com\/casa-rural-el-encinar\/wp-json\/wp\/v2\/pages\/464\/revisions\/1533"}],"wp:attachment":[{"href":"http:\/\/palenciacasarural.com\/casa-rural-el-encinar\/wp-json\/wp\/v2\/media?parent=464"}],"curies":[{"name":"wp","href":"https:\/\/api.w.org\/{rel}","templated":true}]}}