{"id":1284,"date":"2018-06-20T13:53:44","date_gmt":"2018-06-20T13:53:44","guid":{"rendered":"http:\/\/palenciacasarural.com\/hotel-rural-el-yunque\/?page_id=1284"},"modified":"2018-07-26T09:57:04","modified_gmt":"2018-07-26T09:57:04","slug":"tarilonte-de-la-pena","status":"publish","type":"page","link":"http:\/\/palenciacasarural.com\/casa-rural-el-yunque\/tarilonte-de-la-pena\/","title":{"rendered":"Tarilonte de la Pe\u00f1a"},"content":{"rendered":"<p>[vc_row][vc_column width=\u00bb1\/2&#8243;][vc_single_image image=\u00bb1305&#8243; img_size=\u00bbfull\u00bb][\/vc_column][vc_column width=\u00bb1\/2&#8243;] <h1 style=\"color:;padding:px;text-align:;font-size:36px;line-height:45px;letter-spacing: px;font-weight:normal\" class=\"   nd_options_first_font \">``Tradici\u00f3n y progreso en Tarilonte`` Jose Luis Tejerina.<\/h1> <div style=\"background-color:;height: 20px\" class=\"nicdark_section  \"><\/div>[vc_column_text]<span style=\"color: #1f201d;\"><em>\u00abDizque cualquier pueblo que se precie tiene tres cosas en las que no cede a ning\u00fan otro la primac\u00eda en excelencia: la fuente, el tonto del pueblo y el cura que se march\u00f3&#8230; Digamos que Tarilonte no est\u00e1 interesado en competir en ese torneo, por m\u00e1s que su p\u00e9trea fuente-pil\u00f3n no desentonar\u00eda en modo alguno.<\/em><\/span><\/p>\n<p>&nbsp;<\/p>\n<p><span style=\"color: #1f201d;\"><em>La forma actual de vida de los vecinos ya no es la tradicional: agricultura, ganader\u00eda y trabajo en las minas del entorno. Lo marca hasta el l\u00e9xico ca\u00eddo en desuso, desconocido ya para las nuevas generaciones. Neveras, frigor\u00edficos y arcones han relegado al olvido el ingenioso sistema de la \u00abcutrala\u00bb: tres o cuatro familias se pon\u00edan de acuerdo para matar por turno una oveja con la periodicidad acordada -una semana, dos semanas-, que se repart\u00eda rotando la parte asignada a cada familia. Igual ha ocurrido con la palabra \u00abandadilla\u00bb, el vecino al que la junta vecinal encomendaba la tarea de ir de casa en casa anunciando lo que el alcalde le encargaba.<\/em><\/span><\/p>\n<p>&nbsp;<\/p>\n<p><span style=\"color: #1f201d;\"><em>Nuevos tiempos, nuevo l\u00e9xico&#8230;.\u00bb<\/em><\/span><\/p>\n<p>&nbsp;<\/p>\n<p><span style=\"color: #1f201d;\"><strong>Jose Luis Tejerina, profesor de Literatura.<\/strong><\/span>[\/vc_column_text][\/vc_column][\/vc_row][vc_row][vc_column]<div style=\"background-color:;height: 40px\" class=\"nicdark_section  \"><\/div>[\/vc_column][\/vc_row][vc_row][vc_column width=\u00bb1\/2&#8243;][vc_column_text]<\/p>\n<h2>Lo que dice la propietaria&#8230;.<\/h2>\n<p>[\/vc_column_text][vc_column_text]<span style=\"color: #1f201d;\"><em><strong>Tarilonte de la Pe\u00f1a<\/strong>, en la provincia de Palencia, Castilla y Le\u00f3n, Espa\u00f1a.<\/em><\/span><\/p>\n<p>&nbsp;<\/p>\n<p><span style=\"color: #1f201d;\">Entidad Local Menor, perteneciente al Ayuntamiento de Santib\u00e1\u00f1ez de la Pe\u00f1a, junto con otros doce pueblos de caracter\u00edsticas similares, integrados todos ellos en la comarca denominada Monta\u00f1a Palentina.<\/span><\/p>\n<p>&nbsp;<\/p>\n<p><span style=\"color: #1f201d;\">Durante d\u00e9cadas fue un pueblo principalmente agr\u00edcola y ganadero, dedic\u00e1ndose tambi\u00e9n parte de sus vecinos a la miner\u00eda, ya que la comarca de \u00abLa Pe\u00f1a\u00bb formaba parte de la cuenca minera palentina, ahora ya cerradas todas sus explotaciones mineras.<\/span><\/p>\n<p>&nbsp;<\/p>\n<p><span style=\"color: #1f201d;\">En la actualidad cuenta con unas 30 personas viviendo durante todo el a\u00f1o, aumentando considerablemente su poblaci\u00f3n en la \u00e9poca estival, fines de semana y puentes.<\/span><\/p>\n<p>&nbsp;<\/p>\n<p><span style=\"color: #1f201d;\">Tarilonte como tantos otros pueblos de Castilla, ha sido v\u00edctima de la despoblaci\u00f3n y el casi abandono de las actividades tradicionales.<\/span><\/p>\n<p>&nbsp;<\/p>\n<p><span style=\"color: #1f201d;\">Hija de agricultores y ganaderos del pueblo, busqu\u00e9 la forma de optimizar mis recursos y adaptarme a las nuevas tendencias y circunstancias. En el a\u00f1o 1999 y con treinta a\u00f1os de edad, inici\u00e9 mi andadura en el mundo del turismo rural, inaugurando mi primer alojamiento de estas caracter\u00edsticas, <strong>Casa de turismo rural El Encinar<\/strong>.<\/span><\/p>\n<p>&nbsp;<\/p>\n<p><span style=\"color: #1f201d;\">Despu\u00e9s de 19 a\u00f1os de experiencia y disfrute de los diferentes y variados grupos que han pasado por este alojamiento, inaugur\u00e9 el segundo en mayo del a\u00f1o 2018, <strong>Hotel rural El Yunque<\/strong>, tratando de ampliar la oferta de alojamiento.<\/span><\/p>\n<p>&nbsp;<\/p>\n<p><span style=\"color: #1f201d;\">Una locura, aventura, riesgo&#8230;el tiempo lo dir\u00e1.<\/span><\/p>\n<p>&nbsp;<\/p>\n<p><span style=\"color: #1f201d;\">Monta\u00f1a Palentina necesita el apoyo y trabajo de todos para que siga siendo infinita&#8230;<\/span><\/p>\n<p>&nbsp;<\/p>\n<p><span style=\"color: #1f201d;\"><strong>Elena Gonz\u00e1lez, propietaria de Hotel Rural El Yunque y Casa Rural El Encinar.<\/strong><\/span>[\/vc_column_text][\/vc_column][vc_column width=\u00bb1\/2&#8243;][vc_single_image image=\u00bb1246&#8243; img_size=\u00bbfull\u00bb][vc_single_image image=\u00bb1307&#8243; img_size=\u00bbfull\u00bb][\/vc_column][\/vc_row][vc_row][vc_column][\/vc_column][\/vc_row]<\/p>\n","protected":false},"excerpt":{"rendered":"<p>[vc_row][vc_column width=\u00bb1\/2&#8243;][vc_single_image image=\u00bb1305&#8243; img_size=\u00bbfull\u00bb][\/vc_column][vc_column width=\u00bb1\/2&#8243;][vc_column_text]\u00abDizque cualquier pueblo que se precie tiene tres cosas en las que no cede a ning\u00fan otro la primac\u00eda en excelencia: la fuente, el tonto del pueblo y el cura que se march\u00f3&#8230; Digamos que Tarilonte no est\u00e1 interesado en competir en ese torneo, por m\u00e1s que su p\u00e9trea fuente-pil\u00f3n no [&hellip;]<\/p>\n","protected":false},"author":1,"featured_media":0,"parent":0,"menu_order":0,"comment_status":"closed","ping_status":"closed","template":"","meta":{"footnotes":""},"class_list":["post-1284","page","type-page","status-publish","hentry"],"_links":{"self":[{"href":"http:\/\/palenciacasarural.com\/casa-rural-el-yunque\/wp-json\/wp\/v2\/pages\/1284","targetHints":{"allow":["GET"]}}],"collection":[{"href":"http:\/\/palenciacasarural.com\/casa-rural-el-yunque\/wp-json\/wp\/v2\/pages"}],"about":[{"href":"http:\/\/palenciacasarural.com\/casa-rural-el-yunque\/wp-json\/wp\/v2\/types\/page"}],"author":[{"embeddable":true,"href":"http:\/\/palenciacasarural.com\/casa-rural-el-yunque\/wp-json\/wp\/v2\/users\/1"}],"replies":[{"embeddable":true,"href":"http:\/\/palenciacasarural.com\/casa-rural-el-yunque\/wp-json\/wp\/v2\/comments?post=1284"}],"version-history":[{"count":32,"href":"http:\/\/palenciacasarural.com\/casa-rural-el-yunque\/wp-json\/wp\/v2\/pages\/1284\/revisions"}],"predecessor-version":[{"id":1490,"href":"http:\/\/palenciacasarural.com\/casa-rural-el-yunque\/wp-json\/wp\/v2\/pages\/1284\/revisions\/1490"}],"wp:attachment":[{"href":"http:\/\/palenciacasarural.com\/casa-rural-el-yunque\/wp-json\/wp\/v2\/media?parent=1284"}],"curies":[{"name":"wp","href":"https:\/\/api.w.org\/{rel}","templated":true}]}}