{"id":1493,"date":"2018-09-13T12:44:12","date_gmt":"2018-09-13T12:44:12","guid":{"rendered":"http:\/\/palenciacasarural.com\/hotel-rural-el-yunque\/?page_id=1493"},"modified":"2018-09-13T12:46:46","modified_gmt":"2018-09-13T12:46:46","slug":"proyecto","status":"publish","type":"page","link":"http:\/\/palenciacasarural.com\/casa-rural-el-yunque\/proyecto\/","title":{"rendered":"Proyecto"},"content":{"rendered":"<p><strong><img loading=\"lazy\" decoding=\"async\" class=\"alignnone wp-image-1497 \" src=\"http:\/\/palenciacasarural.com\/hotel-rural-el-yunque\/wp-content\/uploads\/sites\/2\/2018\/09\/castilla-y-leon.png\" alt=\"\" width=\"193\" height=\"94\" \/><img loading=\"lazy\" decoding=\"async\" class=\"alignnone wp-image-1496 \" src=\"http:\/\/palenciacasarural.com\/hotel-rural-el-yunque\/wp-content\/uploads\/sites\/2\/2018\/09\/competitividad-empresarial.png\" alt=\"\" width=\"215\" height=\"74\" \/><img loading=\"lazy\" decoding=\"async\" class=\"alignnone wp-image-1495 \" src=\"http:\/\/palenciacasarural.com\/hotel-rural-el-yunque\/wp-content\/uploads\/sites\/2\/2018\/09\/union-europea.png\" alt=\"\" width=\"322\" height=\"77\" srcset=\"http:\/\/palenciacasarural.com\/casa-rural-el-yunque\/wp-content\/uploads\/sites\/2\/2018\/09\/union-europea.png 397w, http:\/\/palenciacasarural.com\/casa-rural-el-yunque\/wp-content\/uploads\/sites\/2\/2018\/09\/union-europea-300x73.png 300w\" sizes=\"auto, (max-width: 322px) 100vw, 322px\" \/><\/strong><\/p>\n<p><strong>INVERSIONES DE PYME<\/strong><\/p>\n<p>Proyecto financiado por el Fondo Europeo de Desarrollo Regional (FEDER) de la Uni\u00f3n Europea y de la Junta de Castilla y Le\u00f3n, a trav\u00e9s del Instituto para la Competitividad Empresarial de Castilla y Le\u00f3n (ICE), con el objetivo de conseguir un tejido empresarial m\u00e1s competitivo.<\/p>\n<p>&nbsp;<\/p>\n<p><strong>Descripci\u00f3n del proyecto: <\/strong><\/p>\n<p>Reforma de edificio en la localidad de Tarilonte de la Pe\u00f1a, provincia de Palencia, para transformarlo en Hotel Rural, que se denominar\u00e1 \u201cEl Yunque\u201d.<\/p>\n<p>&nbsp;<\/p>\n<p><strong>Expediente:<\/strong> 01\/16\/PA\/0006<\/p>\n<p><strong>Plazo de realizaci\u00f3n:<\/strong> 31 de Agosto de 2018<\/p>\n<p>&nbsp;<\/p>\n<p><img loading=\"lazy\" decoding=\"async\" class=\"alignnone  wp-image-1494\" src=\"http:\/\/palenciacasarural.com\/hotel-rural-el-yunque\/wp-content\/uploads\/sites\/2\/2018\/09\/europa-crecimiento.png\" alt=\"\" width=\"274\" height=\"53\" \/><\/p>\n","protected":false},"excerpt":{"rendered":"<p>INVERSIONES DE PYME Proyecto financiado por el Fondo Europeo de Desarrollo Regional (FEDER) de la Uni\u00f3n Europea y de la Junta de Castilla y Le\u00f3n, a trav\u00e9s del Instituto para la Competitividad Empresarial de Castilla y Le\u00f3n (ICE), con el objetivo de conseguir un tejido empresarial m\u00e1s competitivo. &nbsp; Descripci\u00f3n del proyecto: Reforma de edificio [&hellip;]<\/p>\n","protected":false},"author":1,"featured_media":0,"parent":0,"menu_order":0,"comment_status":"closed","ping_status":"closed","template":"","meta":{"footnotes":""},"class_list":["post-1493","page","type-page","status-publish","hentry"],"_links":{"self":[{"href":"http:\/\/palenciacasarural.com\/casa-rural-el-yunque\/wp-json\/wp\/v2\/pages\/1493","targetHints":{"allow":["GET"]}}],"collection":[{"href":"http:\/\/palenciacasarural.com\/casa-rural-el-yunque\/wp-json\/wp\/v2\/pages"}],"about":[{"href":"http:\/\/palenciacasarural.com\/casa-rural-el-yunque\/wp-json\/wp\/v2\/types\/page"}],"author":[{"embeddable":true,"href":"http:\/\/palenciacasarural.com\/casa-rural-el-yunque\/wp-json\/wp\/v2\/users\/1"}],"replies":[{"embeddable":true,"href":"http:\/\/palenciacasarural.com\/casa-rural-el-yunque\/wp-json\/wp\/v2\/comments?post=1493"}],"version-history":[{"count":3,"href":"http:\/\/palenciacasarural.com\/casa-rural-el-yunque\/wp-json\/wp\/v2\/pages\/1493\/revisions"}],"predecessor-version":[{"id":1500,"href":"http:\/\/palenciacasarural.com\/casa-rural-el-yunque\/wp-json\/wp\/v2\/pages\/1493\/revisions\/1500"}],"wp:attachment":[{"href":"http:\/\/palenciacasarural.com\/casa-rural-el-yunque\/wp-json\/wp\/v2\/media?parent=1493"}],"curies":[{"name":"wp","href":"https:\/\/api.w.org\/{rel}","templated":true}]}}